{"id":3048,"date":"2021-04-26T11:22:17","date_gmt":"2021-04-26T08:22:17","guid":{"rendered":"https:\/\/www.obpa.ro\/?page_id=3048"},"modified":"2021-04-26T11:33:09","modified_gmt":"2021-04-26T08:33:09","slug":"termeni-si-conditii","status":"publish","type":"page","link":"https:\/\/www.obpa.ro\/index.php\/termeni-si-conditii\/","title":{"rendered":"Termeni si conditii"},"content":{"rendered":"\t\t<div data-elementor-type=\"wp-page\" data-elementor-id=\"3048\" class=\"elementor elementor-3048\" data-elementor-settings=\"[]\">\n\t\t\t\t\t\t\t<div class=\"elementor-section-wrap\">\n\t\t\t\t\t\t\t<section data-particle_enable=\"false\" data-particle-mobile-disabled=\"false\" class=\"elementor-section elementor-top-section elementor-element elementor-element-73abd854 elementor-section-boxed elementor-section-height-default elementor-section-height-default\" data-id=\"73abd854\" data-element_type=\"section\">\n\t\t\t\t\t\t<div class=\"elementor-container elementor-column-gap-default\">\n\t\t\t\t\t<div class=\"elementor-column elementor-col-100 elementor-top-column elementor-element elementor-element-64dfc0ed\" data-id=\"64dfc0ed\" data-element_type=\"column\">\n\t\t\t<div class=\"elementor-widget-wrap elementor-element-populated\">\n\t\t\t\t\t\t\t\t<div class=\"elementor-element elementor-element-96bbf6 elementor-widget elementor-widget-text-editor\" data-id=\"96bbf6\" data-element_type=\"widget\" data-widget_type=\"text-editor.default\">\n\t\t\t\t<div class=\"elementor-widget-container\">\n\t\t\t\t\t\t\t<p><!-- wp:heading --><\/p>\n<h2 style=\"margin-top: 6px; margin-bottom: 6px; font-family: 'Open Sans'; color: #000000; font-size: 30px; line-height: 1.5em; font-style: normal; font-variant-ligatures: normal; font-variant-caps: normal;\">Termeni \u0219i condi\u021bii (\u201cTermeni\u201d)<\/h2>\n<p style=\"margin-bottom: 0px; padding-top: 0.5em; padding-bottom: 0.5em; color: #83838c; font-family: 'Open Sans'; font-size: 14px; font-style: normal; font-variant-ligatures: normal; font-variant-caps: normal; font-weight: 400;\">Ultima actualizare: aprilie 2021<\/p>\n<p style=\"margin-bottom: 0px; padding-top: 0.5em; padding-bottom: 0.5em; color: #83838c; font-family: 'Open Sans'; font-size: 14px; font-style: normal; font-variant-ligatures: normal; font-variant-caps: normal; font-weight: 400;\">Citi\u021bi cu aten\u021bie ace\u0219ti Termeni \u0219i condi\u021bii (\u201cTermeni\u201d, \u201cTermeni \u0219i condi\u021bii\u201d) \u00eenainte de a utiliza site-ul https:\/\/www.obpa.ro (\u201cServiciul\u201d) administrat de OBPA CONSTRUCTII SRL (\u201d , sau \u201cnostru\u201d).<\/p>\n<p style=\"margin-bottom: 0px; padding-top: 0.5em; padding-bottom: 0.5em; color: #83838c; font-family: 'Open Sans'; font-size: 14px; font-style: normal; font-variant-ligatures: normal; font-variant-caps: normal; font-weight: 400;\">Accesul la \u0219i utilizarea Serviciului este condi\u021bionat de acceptarea \u0219i respectarea acestor Termeni. Ace\u0219ti Termeni se aplic\u0103 tuturor vizitatorilor, utilizatorilor \u0219i altor persoane care acceseaz\u0103 sau utilizeaz\u0103 Serviciul.<\/p>\n<p style=\"padding-top: 0.5em; padding-bottom: 0.5em; color: #83838c; font-family: 'Open Sans'; font-size: 14px; font-style: normal; font-variant-ligatures: normal; font-variant-caps: normal; font-weight: 400;\">Prin accesarea sau folosirea Serviciului sunte\u021bi de acord s\u0103 respecta\u021bi ace\u0219ti Termeni. Dac\u0103 nu sunte\u021bi de acord cu nici o parte a termenilor, este posibil s\u0103 nu accesa\u021bi Serviciul. Acest acord de Termeni \u0219i condi\u021bii pentru Pandoor Glass Construct este furnizat de TermsFeed.<\/p>\n<h4 style=\"margin-top: 6px; margin-bottom: 6px; font-family: 'Open Sans'; color: #000000; font-size: 18px; line-height: 1.5em; font-style: normal; font-variant-ligatures: normal; font-variant-caps: normal;\">1. Termeni<\/h4>\n<p style=\"padding-top: 0.5em; padding-bottom: 0.5em; color: #83838c; font-family: 'Open Sans'; font-size: 14px; font-style: normal; font-variant-ligatures: normal; font-variant-caps: normal; font-weight: 400;\">Prin accesarea site-ului web la https:\/\/www.obpa.ro, sunte\u021bi de acord s\u0103 respecta\u021bi ace\u0219ti termeni \u0219i condi\u021bii, toate legile \u0219i reglement\u0103rile aplicabile \u0219i sunte\u021bi de acord c\u0103 sunte\u021bi responsabil de respectarea legilor locale aplicabile. Dac\u0103 nu sunte\u021bi de acord cu niciunul dintre ace\u0219ti termeni, v\u0103 este interzis s\u0103 utiliza\u021bi sau s\u0103 accesa\u021bi acest site. Materialele con\u021binute pe acest site sunt protejate de legea drepturilor de autor \u0219i de m\u0103rcile comerciale aplicabile.<\/p>\n<h4 style=\"margin-top: 6px; margin-bottom: 6px; font-family: 'Open Sans'; color: #000000; font-size: 18px; line-height: 1.5em; font-style: normal; font-variant-ligatures: normal; font-variant-caps: normal;\">2. Utiliza\u021bi licen\u021ba<\/h4>\n<p style=\"margin-bottom: 0px; padding-top: 0.5em; padding-bottom: 0.5em; color: #83838c; font-family: 'Open Sans'; font-size: 14px; font-style: normal; font-variant-ligatures: normal; font-variant-caps: normal; font-weight: 400;\">A. Se acord\u0103 permisiunea de a desc\u0103rca temporar o copie a materialelor (informa\u021bii sau software) pe site-ul Web al OBPA CONSTRUCTII SRL numai pentru vizionare tranzitorie personal\u0103, necomercial\u0103. Aceasta este acordarea unei licen\u021be, nu a unui transfer de titlu, iar \u00een temeiul acestei licen\u021be, nu pute\u021bi:<\/p>\n<p style=\"margin-bottom: 0px; padding-top: 0.5em; padding-bottom: 0.5em; color: #83838c; font-family: 'Open Sans'; font-size: 14px; font-style: normal; font-variant-ligatures: normal; font-variant-caps: normal; font-weight: 400;\">i. modificarea sau copierea materialelor;<br style=\"margin-top: 0.5em; display: block; content: ' ';\" \/>ii. utilizarea materialelor \u00een orice scop comercial sau pentru orice afi\u0219aj public (comercial sau necomercial);<br style=\"margin-top: 0.5em; display: block; content: ' ';\" \/>iii. \u00eencercarea de a decompila sau de a inversa orice software con\u021binut pe site-ul OBPA CONSTRUCTII SRL;<br style=\"margin-top: 0.5em; display: block; content: ' ';\" \/>iv. eliminarea oric\u0103ror denumiri de drepturi de autor sau alte denumiri de proprietate din materiale; sau<br style=\"margin-bottom: 0px; margin-top: 0.5em; display: block; content: ' ';\" \/>v. transfera\u021bi materiale c\u0103tre o alt\u0103 persoan\u0103 sau \u201coglindi\u021bi\u201d materialele de pe orice alt server.<\/p>\n<p style=\"padding-top: 0.5em; padding-bottom: 0.5em; color: #83838c; font-family: 'Open Sans'; font-size: 14px; font-style: normal; font-variant-ligatures: normal; font-variant-caps: normal; font-weight: 400;\">b. Aceast\u0103 licen\u021b\u0103 se va \u00eencheia automat \u00een cazul \u00een care \u00eenc\u0103lca\u021bi oricare dintre aceste restric\u021bii \u0219i v\u0103 poate \u00eentrerupe \u00een orice moment de c\u0103tre\u00a0<span style=\"font-family: 'Open Sans'; font-size: 14px; font-style: normal; font-variant-ligatures: normal; font-variant-caps: normal; font-weight: 400;\">OBPA CONSTRUCTII SRL<\/span>. La terminarea vizualiz\u0103rii acestor materiale sau la \u00eencetarea acestei licen\u021be, trebuie s\u0103 distruge\u021bi toate materialele desc\u0103rcate de\u021binute, fie ele \u00een format electronic sau tip\u0103rit.<\/p>\n<h4 style=\"margin-top: 6px; margin-bottom: 6px; font-family: 'Open Sans'; color: #000000; font-size: 18px; line-height: 1.5em; font-style: normal; font-variant-ligatures: normal; font-variant-caps: normal;\">3. Disclaimer<\/h4>\n<p style=\"margin-bottom: 0px; padding-top: 0.5em; padding-bottom: 0.5em; color: #83838c; font-family: 'Open Sans'; font-size: 14px; font-style: normal; font-variant-ligatures: normal; font-variant-caps: normal; font-weight: 400;\">A. Materialele de pe site-ul web al\u00a0<span style=\"font-family: 'Open Sans'; font-size: 14px; font-style: normal; font-variant-ligatures: normal; font-variant-caps: normal; font-weight: 400;\">OBPA CONSTRUCTII SRL<\/span>\u00a0sunt furnizate pe o baz\u0103 \u201cca atare\u201d.\u00a0<span style=\"font-family: 'Open Sans'; font-size: 14px; font-style: normal; font-variant-ligatures: normal; font-variant-caps: normal; font-weight: 400;\">OBPA CONSTRUCTII SRL<\/span>\u00a0nu acord\u0103 nici o garan\u021bie, exprimat\u0103 sau implicit\u0103, \u0219i respinge \u0219i anuleaz\u0103 toate celelalte garan\u021bii, inclusiv, f\u0103r\u0103 limitare, garan\u021bii implicite sau condi\u021bii de vandabilitate, adecvare pentru un anumit scop sau ne\u00eenc\u0103lcare a drepturilor de proprietate intelectual\u0103 sau alte \u00eenc\u0103lc\u0103ri ale drepturilor .<\/p>\n<p style=\"padding-top: 0.5em; padding-bottom: 0.5em; color: #83838c; font-family: 'Open Sans'; font-size: 14px; font-style: normal; font-variant-ligatures: normal; font-variant-caps: normal; font-weight: 400;\">b. In plus,\u00a0<span style=\"font-family: 'Open Sans'; font-size: 14px; font-style: normal; font-variant-ligatures: normal; font-variant-caps: normal; font-weight: 400;\">OBPA CONSTRUCTII SRL<\/span>\u00a0nu garanteaza si nu face nici o declaratie privind acuratetea, rezultatele probabile sau fiabilitatea utilizarii materialelor pe site-ul sau in legatura cu alte materiale sau pe orice site legat de acest site.<\/p>\n<h4 style=\"margin-top: 6px; margin-bottom: 6px; font-family: 'Open Sans'; color: #000000; font-size: 18px; line-height: 1.5em; font-style: normal; font-variant-ligatures: normal; font-variant-caps: normal;\">4. Limit\u0103ri<\/h4>\n<p style=\"padding-top: 0.5em; padding-bottom: 0.5em; color: #83838c; font-family: 'Open Sans'; font-size: 14px; font-style: normal; font-variant-ligatures: normal; font-variant-caps: normal; font-weight: 400;\">\u00cen nici un caz,\u00a0<span style=\"font-family: 'Open Sans'; font-size: 14px; font-style: normal; font-variant-ligatures: normal; font-variant-caps: normal; font-weight: 400;\">OBPA CONSTRUCTII SRL<\/span>\u00a0sau furnizorii s\u0103i nu vor fi r\u0103spunz\u0103tori pentru niciun fel de daune (inclusiv, f\u0103r\u0103 limitare, daune pentru pierderi de date sau profit sau din cauza \u00eentreruperii afacerii) generate de utilizarea sau incapacitatea de a utiliza materialele pe\u00a0<span style=\"font-family: 'Open Sans'; font-size: 14px; font-style: normal; font-variant-ligatures: normal; font-variant-caps: normal; font-weight: 400;\">OBPA CONSTRUCTII SRL<\/span>, chiar dac\u0103\u00a0<span style=\"font-family: 'Open Sans'; font-size: 14px; font-style: normal; font-variant-ligatures: normal; font-variant-caps: normal; font-weight: 400;\">OBPA CONSTRUCTII SRL<\/span>\u00a0sau un reprezentant autorizat al\u00a0<span style=\"font-family: 'Open Sans'; font-size: 14px; font-style: normal; font-variant-ligatures: normal; font-variant-caps: normal; font-weight: 400;\">OBPA CONSTRUCTII SRL<\/span>\u00a0a fost informat oral sau \u00een scris cu privire la posibilitatea producerii unor astfel de daune. Deoarece anumite jurisdic\u021bii nu permit limit\u0103ri ale garan\u021biilor implicite sau limit\u0103ri ale r\u0103spunderii pentru daune secundare sau accidentale, este posibil ca aceste limit\u0103ri s\u0103 nu vi se aplice.<\/p>\n<h4 style=\"margin-top: 6px; margin-bottom: 6px; font-family: 'Open Sans'; color: #000000; font-size: 18px; line-height: 1.5em; font-style: normal; font-variant-ligatures: normal; font-variant-caps: normal;\">5. Precizia materialelor<\/h4>\n<p style=\"padding-top: 0.5em; padding-bottom: 0.5em; color: #83838c; font-family: 'Open Sans'; font-size: 14px; font-style: normal; font-variant-ligatures: normal; font-variant-caps: normal; font-weight: 400;\">Materialele care apar pe site-ul\u00a0<span style=\"font-family: 'Open Sans'; font-size: 14px; font-style: normal; font-variant-ligatures: normal; font-variant-caps: normal; font-weight: 400;\">OBPA CONSTRUCTII SRL<\/span>\u00a0pot include erori tehnice, tipografice sau fotografice.\u00a0<span style=\"font-family: 'Open Sans'; font-size: 14px; font-style: normal; font-variant-ligatures: normal; font-variant-caps: normal; font-weight: 400;\">OBPA CONSTRUCTII SRL<\/span>\u00a0nu garanteaz\u0103 c\u0103 oricare dintre materialele de pe site-ul s\u0103u sunt exacte, complete sau actuale.\u00a0<span style=\"font-family: 'Open Sans'; font-size: 14px; font-style: normal; font-variant-ligatures: normal; font-variant-caps: normal; font-weight: 400;\">OBPA CONSTRUCTII SRL<\/span>\u00a0poate modifica materialele continute pe site-ul sau in orice moment fara notificare prealabila. Cu toate acestea,\u00a0<span style=\"font-family: 'Open Sans'; font-size: 14px; font-style: normal; font-variant-ligatures: normal; font-variant-caps: normal; font-weight: 400;\">OBPA CONSTRUCTII SRL<\/span>\u00a0nu se angajeaz\u0103 s\u0103 actualizeze materialele.<\/p>\n<h4 style=\"margin-top: 6px; margin-bottom: 6px; font-family: 'Open Sans'; color: #000000; font-size: 18px; line-height: 1.5em; font-style: normal; font-variant-ligatures: normal; font-variant-caps: normal;\">6. Leg\u0103turi<\/h4>\n<p style=\"padding-top: 0.5em; padding-bottom: 0.5em; color: #83838c; font-family: 'Open Sans'; font-size: 14px; font-style: normal; font-variant-ligatures: normal; font-variant-caps: normal; font-weight: 400;\"><span style=\"font-family: 'Open Sans'; font-size: 14px; font-style: normal; font-variant-ligatures: normal; font-variant-caps: normal; font-weight: 400;\">OBPA CONSTRUCTII SRL<\/span>\u00a0nu a revizuit toate site-urile legate de site-ul s\u0103u \u0219i nu este responsabil pentru con\u021binutul site-ului astfel de site-uri. Includerea oric\u0103rei leg\u0103turi nu implic\u0103 aprobarea de c\u0103tre OBPA CONSTRUCTII SRL\u00a0<span style=\"font-family: 'Open Sans'; font-size: 14px; font-style: normal; font-variant-ligatures: normal; font-variant-caps: normal; font-weight: 400;\">a site-ului. Utilizarea oric\u0103rui astfel de site legat este la riscul utilizatorului.<\/span><\/p>\n<h4 style=\"margin-top: 6px; margin-bottom: 6px; font-family: 'Open Sans'; color: #000000; font-size: 18px; line-height: 1.5em; font-style: normal; font-variant-ligatures: normal; font-variant-caps: normal;\">7. Modific\u0103ri<\/h4>\n<p style=\"padding-top: 0.5em; padding-bottom: 0.5em; color: #83838c; font-family: 'Open Sans'; font-size: 14px; font-style: normal; font-variant-ligatures: normal; font-variant-caps: normal; font-weight: 400;\">OBPA CONSTRUCTII SRL poate revizui ace\u0219ti termeni \u0219i condi\u021bii pentru site-ul s\u0103u Web \u00een orice moment f\u0103r\u0103 notificare. Prin utilizarea acestui site sunte\u021bi de acord s\u0103 fi\u021bi lega\u021bi de versiunea curent\u0103 a acestor termeni \u0219i condi\u021bii.<\/p>\n<h4 style=\"margin-top: 6px; margin-bottom: 6px; font-family: 'Open Sans'; color: #000000; font-size: 18px; line-height: 1.5em; font-style: normal; font-variant-ligatures: normal; font-variant-caps: normal;\">8. Legea aplicabil\u0103<\/h4>\n<p style=\"padding-top: 0.5em; padding-bottom: 0.5em; color: #83838c; font-family: 'Open Sans'; font-size: 14px; font-style: normal; font-variant-ligatures: normal; font-variant-caps: normal; font-weight: 400;\">Ace\u0219ti termeni \u0219i condi\u021bii sunt guvernate \u0219i interpretate \u00een conformitate cu legile Rom\u00e2niei \u0219i v\u0103 supune\u021bi \u00een mod irevocabil jurisdic\u021biei exclusive a instan\u021belor din acel stat sau loca\u021bie.<\/p>\n<p><!-- \/wp:paragraph --><\/p>\t\t\t\t\t\t<\/div>\n\t\t\t\t<\/div>\n\t\t\t\t\t<\/div>\n\t\t<\/div>\n\t\t\t\t\t\t\t<\/div>\n\t\t<\/section>\n\t\t\t\t\t\t<\/div>\n\t\t\t\t\t<\/div>\n\t\t","protected":false},"excerpt":{"rendered":"<p>Termeni \u0219i condi\u021bii (\u201cTermeni\u201d) Ultima actualizare: aprilie 2021 Citi\u021bi cu aten\u021bie ace\u0219ti Termeni \u0219i condi\u021bii (\u201cTermeni\u201d, \u201cTermeni \u0219i condi\u021bii\u201d) \u00eenainte de a utiliza site-ul https:\/\/www.obpa.ro (\u201cServiciul\u201d) administrat de OBPA CONSTRUCTII SRL (\u201d , sau \u201cnostru\u201d). Accesul la \u0219i utilizarea Serviciului este condi\u021bionat de acceptarea \u0219i respectarea acestor Termeni. Ace\u0219ti Termeni se aplic\u0103 tuturor vizitatorilor, utilizatorilor [&hellip;]<\/p>\n","protected":false},"author":1,"featured_media":0,"parent":0,"menu_order":0,"comment_status":"closed","ping_status":"open","template":"elementor_header_footer","meta":{"footnotes":""},"class_list":["post-3048","page","type-page","status-publish","hentry"],"_links":{"self":[{"href":"https:\/\/www.obpa.ro\/index.php\/wp-json\/wp\/v2\/pages\/3048","targetHints":{"allow":["GET"]}}],"collection":[{"href":"https:\/\/www.obpa.ro\/index.php\/wp-json\/wp\/v2\/pages"}],"about":[{"href":"https:\/\/www.obpa.ro\/index.php\/wp-json\/wp\/v2\/types\/page"}],"author":[{"embeddable":true,"href":"https:\/\/www.obpa.ro\/index.php\/wp-json\/wp\/v2\/users\/1"}],"replies":[{"embeddable":true,"href":"https:\/\/www.obpa.ro\/index.php\/wp-json\/wp\/v2\/comments?post=3048"}],"version-history":[{"count":9,"href":"https:\/\/www.obpa.ro\/index.php\/wp-json\/wp\/v2\/pages\/3048\/revisions"}],"predecessor-version":[{"id":3060,"href":"https:\/\/www.obpa.ro\/index.php\/wp-json\/wp\/v2\/pages\/3048\/revisions\/3060"}],"wp:attachment":[{"href":"https:\/\/www.obpa.ro\/index.php\/wp-json\/wp\/v2\/media?parent=3048"}],"curies":[{"name":"wp","href":"https:\/\/api.w.org\/{rel}","templated":true}]}}